{"id":463,"date":"2020-10-31T13:36:12","date_gmt":"2020-10-31T11:36:12","guid":{"rendered":"https:\/\/caminonomeaburro.com\/?page_id=463"},"modified":"2020-10-31T13:54:25","modified_gmt":"2020-10-31T11:54:25","slug":"mapa-con-todas-mis-rutas","status":"publish","type":"page","link":"https:\/\/caminonomeaburro.com\/index.php\/mapa-con-todas-mis-rutas\/","title":{"rendered":"Mapa con todas mis rutas"},"content":{"rendered":"<h2><strong>\u00a1Bienvenido a mi mapa! Aqu\u00ed encontrar\u00e1s todas las rutas de la web para que puedas ubicarlas mejor. Consulta la web para conocer m\u00e1s detalles<\/strong> \ud83e\udd17<\/h2>\n<h3>El objetivo de este mapa es que puedas ubicar, de manera m\u00e1s visual, todas las rutas analizadas en la web. De esta forma, en funci\u00f3n de donde te encuentres o a donde tengas intenci\u00f3n de desplazarte, podr\u00e1s saber cuantas rutas analizadas por m\u00ed te est\u00e1n esperando para que las descubras y recorras.<\/h3>\n<p><iframe data-src=\"https:\/\/www.google.com\/maps\/d\/embed?mid=1ioUvyNdyXO11oHOcV-BBDxns9qN3V_CY\" width=\"1450\" height=\"850\" src=\"data:image\/gif;base64,R0lGODlhAQABAAAAACH5BAEKAAEALAAAAAABAAEAAAICTAEAOw==\" class=\"lazyload\" data-load-mode=\"1\"><span data-mce-type=\"bookmark\" style=\"display: inline-block; width: 0px; overflow: hidden; line-height: 0;\" class=\"mce_SELRES_start\">\ufeff<\/span><\/iframe><\/p>\n<p>Poco a poco est\u00e1 mapa se ir\u00e1 llenando de chinchetas con nuevos senderos descubiertos. Como siempre, estoy abierto y deseoso de escuchar vuestras sugerencias. Si tienes una ruta que te encanta y consideras espectacular, no dudes en rellenar el siguiente formulario si quieres compartirla conmigo:<\/p>\n<div class=\"wpforms-container wpforms-container-full\" id=\"wpforms-462\"><form id=\"wpforms-form-462\" class=\"wpforms-validate wpforms-form\" data-formid=\"462\" method=\"post\" enctype=\"multipart\/form-data\" action=\"\/index.php\/wp-json\/wp\/v2\/pages\/463\" data-token=\"edc794e5d0180658e56031636d1e8319\" data-token-time=\"1775942577\"><noscript class=\"wpforms-error-noscript\">Por favor, activa JavaScript en tu navegador para completar este formulario.<\/noscript><div class=\"wpforms-field-container\"><div id=\"wpforms-462-field_0-container\" class=\"wpforms-field wpforms-field-name\" data-field-id=\"0\"><label class=\"wpforms-field-label\" for=\"wpforms-462-field_0\">\u00bfC\u00f3mo te llamas? <span class=\"wpforms-required-label\">*<\/span><\/label><input type=\"text\" id=\"wpforms-462-field_0\" class=\"wpforms-field-medium wpforms-field-required\" name=\"wpforms[fields][0]\" required><\/div><div id=\"wpforms-462-field_1-container\" class=\"wpforms-field wpforms-field-email\" data-field-id=\"1\"><label class=\"wpforms-field-label\" for=\"wpforms-462-field_1\">\u00bfCu\u00e1l es tu correo electr\u00f3nico? <span class=\"wpforms-required-label\">*<\/span><\/label><input type=\"email\" id=\"wpforms-462-field_1\" class=\"wpforms-field-medium wpforms-field-required\" name=\"wpforms[fields][1]\" spellcheck=\"false\" required><\/div><div id=\"wpforms-462-field_2-container\" class=\"wpforms-field wpforms-field-textarea\" data-field-id=\"2\"><label class=\"wpforms-field-label\" for=\"wpforms-462-field_2\">\u00a1Cu\u00e9ntame! Soy todo o\u00eddos \ud83d\udc42 <span class=\"wpforms-required-label\">*<\/span><\/label><textarea id=\"wpforms-462-field_2\" class=\"wpforms-field-medium wpforms-field-required\" name=\"wpforms[fields][2]\" required><\/textarea><\/div><\/div><!-- .wpforms-field-container --><div class=\"wpforms-submit-container\" ><input type=\"hidden\" name=\"wpforms[id]\" value=\"462\"><input type=\"hidden\" name=\"page_title\" value=\"\"><input type=\"hidden\" name=\"page_url\" value=\"https:\/\/caminonomeaburro.com\/index.php\/wp-json\/wp\/v2\/pages\/463\"><button type=\"submit\" name=\"wpforms[submit]\" id=\"wpforms-submit-462\" class=\"wpforms-submit\" data-alt-text=\"Enviando...\" data-submit-text=\"Enviar\" aria-live=\"assertive\" value=\"wpforms-submit\">Enviar<\/button><\/div><\/form><\/div>  <!-- .wpforms-container -->\n","protected":false},"excerpt":{"rendered":"<p>\u00a1Bienvenido a mi mapa! Aqu\u00ed encontrar\u00e1s todas las rutas de la web para que puedas ubicarlas mejor. Consulta la web para conocer m\u00e1s detalles \ud83e\udd17 El objetivo de este mapa es que puedas ubicar, de manera m\u00e1s visual, todas las rutas analizadas en la web. De esta forma, en funci\u00f3n de donde te encuentres o a donde tengas intenci\u00f3n de desplazarte, podr\u00e1s saber cuantas rutas analizadas por m\u00ed te est\u00e1n esperando para que las descubras y recorras. \ufeff Poco a poco est\u00e1 mapa se ir\u00e1 llenando de chinchetas con nuevos senderos descubiertos. Como siempre, estoy abierto y deseoso de escuchar vuestras sugerencias. Si tienes una ruta que te encanta y consideras espectacular, no dudes en rellenar el siguiente formulario si quieres compartirla conmigo:<\/p>\n","protected":false},"author":1,"featured_media":470,"parent":0,"menu_order":0,"comment_status":"closed","ping_status":"closed","template":"","meta":{"footnotes":""},"class_list":["post-463","page","type-page","status-publish","has-post-thumbnail"],"_links":{"self":[{"href":"https:\/\/caminonomeaburro.com\/index.php\/wp-json\/wp\/v2\/pages\/463"}],"collection":[{"href":"https:\/\/caminonomeaburro.com\/index.php\/wp-json\/wp\/v2\/pages"}],"about":[{"href":"https:\/\/caminonomeaburro.com\/index.php\/wp-json\/wp\/v2\/types\/page"}],"author":[{"embeddable":true,"href":"https:\/\/caminonomeaburro.com\/index.php\/wp-json\/wp\/v2\/users\/1"}],"replies":[{"embeddable":true,"href":"https:\/\/caminonomeaburro.com\/index.php\/wp-json\/wp\/v2\/comments?post=463"}],"version-history":[{"count":12,"href":"https:\/\/caminonomeaburro.com\/index.php\/wp-json\/wp\/v2\/pages\/463\/revisions"}],"predecessor-version":[{"id":471,"href":"https:\/\/caminonomeaburro.com\/index.php\/wp-json\/wp\/v2\/pages\/463\/revisions\/471"}],"wp:featuredmedia":[{"embeddable":true,"href":"https:\/\/caminonomeaburro.com\/index.php\/wp-json\/wp\/v2\/media\/470"}],"wp:attachment":[{"href":"https:\/\/caminonomeaburro.com\/index.php\/wp-json\/wp\/v2\/media?parent=463"}],"curies":[{"name":"wp","href":"https:\/\/api.w.org\/{rel}","templated":true}]}}